{"id":2844,"date":"2025-03-08T11:21:09","date_gmt":"2025-03-08T11:21:09","guid":{"rendered":"https:\/\/test.kdm.consulting\/?page_id=2844"},"modified":"2025-05-19T16:05:06","modified_gmt":"2025-05-19T16:05:06","slug":"zastita-podataka","status":"publish","type":"page","link":"https:\/\/test.kdm.consulting\/de\/zastita-podataka\/","title":{"rendered":"Datenschutzerkl\u00e4rung"},"content":{"rendered":"<p>Diese Cookie-Richtlinie wurde zuletzt am 31.01.2025 aktualisiert und gilt f\u00fcr B\u00fcrger und Einwohner mit st\u00e4ndigem Wohnsitz im Europ\u00e4ischen Wirtschaftsraum und der Schweiz.<\/p>\n<p><strong>1. Einf\u00fchrung<\/strong><\/p>\n<p>Unsere Website, <a class=\"fc-black\" href=\"https:\/\/www.rep-srpska.at\">https:\/\/www.rep-srpska.at<\/a> (im Folgenden: &#8222;Website&#8220;), verwendet Cookies und \u00e4hnliche Technologien (der Einfachheit halber werden alle unter dem Begriff &#8222;Cookies&#8220; zusammengefasst). Cookies werden auch von Drittparteien gesetzt, die wir beauftragt haben. In diesem Dokument informieren wir Sie \u00fcber die Verwendung von Cookies auf unserer Website.<\/p>\n<p><strong>2. Was sind Cookies?<\/strong><\/p>\n<p>Ein Cookie ist eine kleine, einfache Datei, die zusammen mit den Seiten einer Internetadresse gesendet und vom Browser auf dem Computer oder einem anderen Ger\u00e4t gespeichert wird. Die darin gespeicherten Informationen k\u00f6nnen bei sp\u00e4teren Besuchen an unsere oder die Server relevanter Drittanbieter zur\u00fcckgesendet werden.<\/p>\n<p><strong>3. Was sind Skripte?<\/strong><\/p>\n<p>Ein Skript ist ein St\u00fcck Programmcode, das zur Bereitstellung von Funktionen und Interaktivit\u00e4t auf der Website dient. Dieser Code wird auf unseren Servern oder auf Ihrem Ger\u00e4t ausgef\u00fchrt.<\/p>\n<p><strong>4. Was ist ein Web Beacon?<\/strong><\/p>\n<p>Ein Web Beacon (auch Pixel-Tag genannt) ist ein kleines, unsichtbares Textfragment oder Bild auf einer Website, das zur \u00dcberwachung von Website-Besuchen verwendet wird. Mittels Web Beacons k\u00f6nnen verschiedene Daten \u00fcber Sie gespeichert werden.<\/p>\n<p><strong>5. Cookies<\/strong><\/p>\n<p>5.1 Technische oder funktionale Cookies<\/p>\n<p>Einige Cookies gew\u00e4hrleisten das korrekte Funktionieren bestimmter Teile unserer Website und speichern Ihre Nutzereinstellungen. Durch das Setzen funktionaler Cookies erleichtern wir Ihnen die Nutzung unserer Website, sodass Sie z. B. nicht wiederholt dieselben Informationen eingeben oder dass Ihre Produkte im Warenkorb gespeichert bleiben, bis Sie den Kauf abschlie\u00dfen. Diese Cookies k\u00f6nnen wir ohne Ihre Zustimmung setzen.<\/p>\n<p>5.2 Analytische Cookies<\/p>\n<p>Wir verwenden analytische Cookies, um das Benutzererlebnis auf unserer Website zu optimieren. Diese Cookies geben uns Einblicke in die Nutzung unserer Website. F\u00fcr das Setzen analytischer Cookies bitten wir um Ihre Zustimmung.<\/p>\n<p>5.3 Marketing- \/ Tracking-Cookies<\/p>\n<p>Marketing- \/ Tracking-Cookies sind Cookies oder eine andere Form der lokalen Speicherung, die zur Erstellung von Benutzerprofilen genutzt werden, um personalisierte Werbung anzuzeigen oder Benutzer \u00fcber verschiedene Websites hinweg f\u00fcr Marketingzwecke zu verfolgen.<\/p>\n<p><strong>6. Gesetzte Cookies<\/strong><\/p>\n<ul>\n<li>Complianz \u2013 funktional<\/li>\n<li>Google Analytics Dashboard for WP \u2013 Statistik<\/li>\n<li>WP Do Not Track \u2013 funktional<\/li>\n<li>Google Analytics \u2013 Statistik (anonym)<\/li>\n<li>Q Translate \u2013 funktional<\/li>\n<li>Google Fonts \u2013 Marketing\/Tracking<\/li>\n<li>Google Maps \u2013 Marketing\/Tracking<\/li>\n<li>WP-Optimize \u2013 Analyse<\/li>\n<li>Wordfence \u2013 Analyse<\/li>\n<li>Google reCAPTCHA \u2013 funktional, Marketing\/Tracking<\/li>\n<li>Sonstige Cookies \u2013 Analyse<\/li>\n<\/ul>\n<p><strong>7. Zustimmung<\/strong><\/p>\n<p>Beim ersten Besuch unserer Website zeigen wir Ihnen ein Pop-up mit einer Erkl\u00e4rung zu Cookies. Durch Klicken auf &#8222;Alle Cookies akzeptieren&#8220; geben Sie uns Ihre Zustimmung zur Nutzung aller Cookies und Plugins, wie in diesem Pop-up und in der Cookie-Richtlinie beschrieben. Sie k\u00f6nnen die Verwendung von Cookies in den Einstellungen Ihres Browsers deaktivieren, aber beachten Sie bitte, dass unsere Website dann eventuell nicht ordnungsgem\u00e4\u00df funktioniert.<\/p>\n<p>7.1 Verwaltung der Zustimmungseinstellungen<\/p>\n<ul>\n<li>Funktionale Cookies \u2013 Immer aktiv<\/li>\n<li>Statistische Cookies \u2013 Optional<\/li>\n<li>Marketing-Cookies \u2013 Optional<\/li>\n<\/ul>\n<p><strong>8. Aktivieren\/Deaktivieren und L\u00f6schen von Cookies<\/strong><\/p>\n<p>Sie k\u00f6nnen Ihren Internetbrowser so einstellen, dass Cookies automatisch oder manuell gel\u00f6scht werden. Sie k\u00f6nnen auch festlegen, dass bestimmte Cookies nicht gesetzt werden. Eine weitere Option besteht darin, Ihren Browser so einzustellen, dass Sie jedes Mal benachrichtigt werden, wenn ein Cookie gesetzt wird. Weitere Informationen hierzu finden Sie in den Einstellungen Ihres Browsers.<\/p>\n<p>Bitte beachten Sie, dass unsere Website m\u00f6glicherweise nicht ordnungsgem\u00e4\u00df funktioniert, wenn alle Cookies deaktiviert sind. Wenn Sie Cookies in Ihrem Browser l\u00f6schen, werden sie bei einem erneuten Besuch unserer Website erneut gesetzt.<\/p>\n<p><strong>9. Ihre Rechte in Bezug auf personenbezogene Daten<\/strong><\/p>\n<p>Bez\u00fcglich Ihrer personenbezogenen Daten haben Sie folgende Rechte:<\/p>\n<ul>\n<li>Das Recht zu erfahren, warum Ihre Daten verwendet werden, wie sie verarbeitet werden und wie lange sie gespeichert werden.<\/li>\n<li>Das Recht auf Zugriff auf die personenbezogenen Daten, die wir von Ihnen gespeichert haben.<\/li>\n<li>Das Recht auf Berichtigung oder L\u00f6schung Ihrer personenbezogenen Daten jederzeit.<\/li>\n<li>Falls Sie Ihre Zustimmung zur Datenverarbeitung erteilt haben, haben Sie das Recht, diese zu widerrufen und die L\u00f6schung Ihrer Daten zu verlangen.<\/li>\n<li>Das Recht auf Daten\u00fcbertragbarkeit \u2013 die M\u00f6glichkeit, alle Ihre Daten an einen anderen Datenverantwortlichen zu \u00fcbertragen.<\/li>\n<li>Das Recht, der Datenverarbeitung zu widersprechen, es sei denn, es bestehen berechtigte Gr\u00fcnde f\u00fcr die Verarbeitung.<\/li>\n<\/ul>\n<p>Zur Aus\u00fcbung dieser Rechte kontaktieren Sie uns bitte unter den unten angegebenen Kontaktdaten. Falls Sie eine Beschwerde zur Verarbeitung Ihrer Daten haben, k\u00f6nnen Sie sich an die zust\u00e4ndige Datenschutzbeh\u00f6rde wenden.<\/p>\n<p><strong>10. Kontakt<\/strong><\/p>\n<p>F\u00fcr Fragen und\/oder Anmerkungen zur Cookie-Richtlinie k\u00f6nnen Sie uns unter folgenden Kontaktdaten erreichen:<\/p>\n<p>Vertretung der Republik Srpska<\/p>\n<p>Albertgasse 35, 1080 Wien, \u00d6sterreich<\/p>\n<p>Website: <a class=\"fc-black\" href=\"https:\/\/www.rep-srpska.at\">https:\/\/www.rep-srpska.at<\/a><\/p>\n<p>Telefon: <a class=\"fc-black\" href=\"tel:+43 1 512 1267\">+43 1 512 1267<\/a><\/p>\n<p>Diese Cookie-Richtlinie wurde mit cookiedatabase.org am 31.01.2025 synchronisiert.<\/p>","protected":false},"excerpt":{"rendered":"<p>Diese Cookie-Richtlinie wurde zuletzt am 31.01.2025 aktualisiert und gilt f\u00fcr B\u00fcrger und Einwohner mit st\u00e4ndigem Wohnsitz im Europ\u00e4ischen Wirtschaftsraum und der Schweiz. 1. Einf\u00fchrung Unsere Website, https:\/\/www.rep-srpska.at (im Folgenden: &#8222;Website&#8220;), verwendet Cookies und \u00e4hnliche Technologien (der Einfachheit halber werden alle unter dem Begriff &#8222;Cookies&#8220; zusammengefasst). Cookies werden auch von Drittparteien gesetzt, die wir beauftragt haben. [&hellip;]<\/p>\n","protected":false},"author":1,"featured_media":0,"parent":0,"menu_order":0,"comment_status":"closed","ping_status":"closed","template":"","meta":{"footnotes":""},"class_list":["post-2844","page","type-page","status-publish","hentry"],"_links":{"self":[{"href":"https:\/\/test.kdm.consulting\/de\/wp-json\/wp\/v2\/pages\/2844","targetHints":{"allow":["GET"]}}],"collection":[{"href":"https:\/\/test.kdm.consulting\/de\/wp-json\/wp\/v2\/pages"}],"about":[{"href":"https:\/\/test.kdm.consulting\/de\/wp-json\/wp\/v2\/types\/page"}],"author":[{"embeddable":true,"href":"https:\/\/test.kdm.consulting\/de\/wp-json\/wp\/v2\/users\/1"}],"replies":[{"embeddable":true,"href":"https:\/\/test.kdm.consulting\/de\/wp-json\/wp\/v2\/comments?post=2844"}],"version-history":[{"count":16,"href":"https:\/\/test.kdm.consulting\/de\/wp-json\/wp\/v2\/pages\/2844\/revisions"}],"predecessor-version":[{"id":3082,"href":"https:\/\/test.kdm.consulting\/de\/wp-json\/wp\/v2\/pages\/2844\/revisions\/3082"}],"wp:attachment":[{"href":"https:\/\/test.kdm.consulting\/de\/wp-json\/wp\/v2\/media?parent=2844"}],"curies":[{"name":"wp","href":"https:\/\/api.w.org\/{rel}","templated":true}]}}