{"id":2731,"date":"2024-12-19T19:05:02","date_gmt":"2024-12-19T19:05:02","guid":{"rendered":"https:\/\/test.kdm.consulting\/?page_id=2731"},"modified":"2025-06-04T12:44:23","modified_gmt":"2025-06-04T12:44:23","slug":"biz-registar","status":"publish","type":"page","link":"https:\/\/test.kdm.consulting\/de\/biz-registar\/","title":{"rendered":"Wirtschaftsregister"},"content":{"rendered":"<p><\/p>\n<p data-start=\"333\" data-end=\"1024\">Wir laden exportorientierte Unternehmen aus der Republika Srpska ein, sich in unserem Wirtschaftsregister zu registrieren. Mit der Registrierung haben Sie die M\u00f6glichkeit, Ihre T\u00e4tigkeit und Ihr Angebot auf dem \u00f6sterreichischen Markt zu pr\u00e4sentieren, und die Online-Datenbank steht auf Deutsch zur Verf\u00fcgung, was die Kommunikation erleichtert und Vertrauen zu \u00f6sterreichischen Partnern aufbaut.<\/p>\n<p class=\" page-btn\" data-start=\"1026\" data-end=\"1718\">Wir bieten Unterst\u00fctzung in allen Aspekten der Pr\u00e4sentation auf dem \u00f6sterreichischen Markt, einschlie\u00dflich direkter Kommunikation mit potenziellen Partnern in \u00d6sterreich sowie der Herstellung von Kontakten mit den zust\u00e4ndigen Institutionen, um mit den Verfahren und gesetzlichen Rahmenbedingungen im Kontext der wirtschaftlichen Zusammenarbeit vertraut zu werden.<\/p>\n<p>&nbsp;<\/p>\n<p><a class=\"red-button page-btn\" href=\"\/postani-i-ti-deo-biznis-registra-u-austriji\/\">Registrieren<\/a><\/p>","protected":false},"excerpt":{"rendered":"<p>Wir laden exportorientierte Unternehmen aus der Republika Srpska ein, sich in unserem Wirtschaftsregister zu registrieren. Mit der Registrierung haben Sie die M\u00f6glichkeit, Ihre T\u00e4tigkeit und Ihr Angebot auf dem \u00f6sterreichischen Markt zu pr\u00e4sentieren, und die Online-Datenbank steht auf Deutsch zur Verf\u00fcgung, was die Kommunikation erleichtert und Vertrauen zu \u00f6sterreichischen Partnern aufbaut. Wir bieten Unterst\u00fctzung in [&hellip;]<\/p>\n","protected":false},"author":1,"featured_media":0,"parent":0,"menu_order":0,"comment_status":"closed","ping_status":"closed","template":"","meta":{"footnotes":""},"class_list":["post-2731","page","type-page","status-publish","hentry"],"_links":{"self":[{"href":"https:\/\/test.kdm.consulting\/de\/wp-json\/wp\/v2\/pages\/2731","targetHints":{"allow":["GET"]}}],"collection":[{"href":"https:\/\/test.kdm.consulting\/de\/wp-json\/wp\/v2\/pages"}],"about":[{"href":"https:\/\/test.kdm.consulting\/de\/wp-json\/wp\/v2\/types\/page"}],"author":[{"embeddable":true,"href":"https:\/\/test.kdm.consulting\/de\/wp-json\/wp\/v2\/users\/1"}],"replies":[{"embeddable":true,"href":"https:\/\/test.kdm.consulting\/de\/wp-json\/wp\/v2\/comments?post=2731"}],"version-history":[{"count":42,"href":"https:\/\/test.kdm.consulting\/de\/wp-json\/wp\/v2\/pages\/2731\/revisions"}],"predecessor-version":[{"id":3446,"href":"https:\/\/test.kdm.consulting\/de\/wp-json\/wp\/v2\/pages\/2731\/revisions\/3446"}],"wp:attachment":[{"href":"https:\/\/test.kdm.consulting\/de\/wp-json\/wp\/v2\/media?parent=2731"}],"curies":[{"name":"wp","href":"https:\/\/api.w.org\/{rel}","templated":true}]}}