{"id":2707,"date":"2024-12-19T18:33:31","date_gmt":"2024-12-19T18:33:31","guid":{"rendered":"https:\/\/test.kdm.consulting\/?page_id=2707"},"modified":"2025-06-04T12:46:15","modified_gmt":"2025-06-04T12:46:15","slug":"projekat-fit4austria","status":"publish","type":"page","link":"https:\/\/test.kdm.consulting\/de\/projekat-fit4austria\/","title":{"rendered":"Das Projekt \u201cFit4Austria\u201d"},"content":{"rendered":"<p>Die Repr\u00e4sentanz der Republika Srpska in \u00d6sterreich hat in Zusammenarbeit mit der Wirtschaftskammer \u00d6sterreich, dem Innovationszentrum von Banjaluk und der Entwicklungsagentur der Republika Srpska das Projekt Fit 4 Austria ins Leben gerufen, dessen Ziel die Verbesserung der wirtschaftlichen Zusammenarbeit und die St\u00e4rkung der Wettbewerbsf\u00e4higkeit exportorientierter Unternehmer aus der Republika Srpska auf dem \u00f6sterreichischen Markt ist.<\/p>\n<p>Durch eine Reihe von Schulungen erhalten die Teilnehmer Unterst\u00fctzung bei der Analyse des eigenen Unternehmens und der Exportkapazit\u00e4ten, beim Kennenlernen des wirtschaftlichen Umfelds in \u00d6sterreich, bei der Analyse der Markt- und Exportbedingungen sowie beim direkten Erfahrungsaustausch mit Unternehmern. Im Rahmen des Programms erhalten die Teilnehmer in Zusammenarbeit mit der Handelskammer der Republika Srpska und der Wirtschaftskammer \u00d6sterreich\/WIFI Zertifikate \u00fcber die erfolgreiche Teilnahme mit der M\u00f6glichkeit, Gesch\u00e4ftstreffen und die Teilnahme an Foren und Messen in \u00d6sterreich zu organisieren.<\/p>\n<h2 class=\"red-heading \">Vorteile des \u201eFit 4 Austria\u201c-Projekts<\/h2>\n<p><\/p>\n<ul class=\" page-btn\">\n<li>Organisation der Ausbildung f\u00fcr exportorientierte Gesch\u00e4ftsleute aus der Republika Srpska<\/li>\n<li>Unterst\u00fctzung bei der Analyse von Unternehmen und Exportkapazit\u00e4ten<\/li>\n<li>Lernen Sie das Gesch\u00e4ft und die Erfahrungen von Unternehmern in \u00d6sterreich kennen<\/li>\n<li>Marktanalyse und Produktexportbedingungen<\/li>\n<li>Individuelle Schulungen und direkter Informationsaustausch<\/li>\n<li>Erhalt einer Bescheinigung \u00fcber die erfolgreiche Teilnahme in Zusammenarbeit mit der Handelskammer der Republika Srpska und der Wirtschaftskammer \u00d6sterreich\/WIFI<\/li>\n<li>Organisation einer Reise nach \u00d6sterreich und Organisation von Gesch\u00e4ftstreffen mit \u00f6sterreichischen Unternehmen<\/li>\n<li>Teilnahme an kommenden Foren und Messen in \u00d6sterreich<\/li>\n<\/ul>\n<p>\n<a class=\"red-button page-btn\" href=\"\/postani-i-ti-deo-biznis-registra-u-austriji\/\">Registrieren<\/a><\/p>","protected":false},"excerpt":{"rendered":"<p>Die Repr\u00e4sentanz der Republika Srpska in \u00d6sterreich hat in Zusammenarbeit mit der Wirtschaftskammer \u00d6sterreich, dem Innovationszentrum von Banjaluk und der Entwicklungsagentur der Republika Srpska das Projekt Fit 4 Austria ins Leben gerufen, dessen Ziel die Verbesserung der wirtschaftlichen Zusammenarbeit und die St\u00e4rkung der Wettbewerbsf\u00e4higkeit exportorientierter Unternehmer aus der Republika Srpska auf dem \u00f6sterreichischen Markt ist. [&hellip;]<\/p>\n","protected":false},"author":1,"featured_media":0,"parent":0,"menu_order":0,"comment_status":"closed","ping_status":"closed","template":"","meta":{"footnotes":""},"class_list":["post-2707","page","type-page","status-publish","hentry"],"_links":{"self":[{"href":"https:\/\/test.kdm.consulting\/de\/wp-json\/wp\/v2\/pages\/2707","targetHints":{"allow":["GET"]}}],"collection":[{"href":"https:\/\/test.kdm.consulting\/de\/wp-json\/wp\/v2\/pages"}],"about":[{"href":"https:\/\/test.kdm.consulting\/de\/wp-json\/wp\/v2\/types\/page"}],"author":[{"embeddable":true,"href":"https:\/\/test.kdm.consulting\/de\/wp-json\/wp\/v2\/users\/1"}],"replies":[{"embeddable":true,"href":"https:\/\/test.kdm.consulting\/de\/wp-json\/wp\/v2\/comments?post=2707"}],"version-history":[{"count":105,"href":"https:\/\/test.kdm.consulting\/de\/wp-json\/wp\/v2\/pages\/2707\/revisions"}],"predecessor-version":[{"id":3447,"href":"https:\/\/test.kdm.consulting\/de\/wp-json\/wp\/v2\/pages\/2707\/revisions\/3447"}],"wp:attachment":[{"href":"https:\/\/test.kdm.consulting\/de\/wp-json\/wp\/v2\/media?parent=2707"}],"curies":[{"name":"wp","href":"https:\/\/api.w.org\/{rel}","templated":true}]}}