{"id":2667,"date":"2024-12-15T14:31:05","date_gmt":"2024-12-15T14:31:05","guid":{"rendered":"https:\/\/test.kdm.consulting\/?page_id=2667"},"modified":"2025-06-03T07:30:26","modified_gmt":"2025-06-03T07:30:26","slug":"o-nama","status":"publish","type":"page","link":"https:\/\/test.kdm.consulting\/de\/o-nama\/","title":{"rendered":"\u00dcber uns"},"content":{"rendered":"<p>Die Repr\u00e4sentanz der Republika Srpska in \u00d6sterreich wurde von der Regierung der Republika Srpska mit dem Ziel eingerichtet, Aufgaben im Interesse und Bedarf der Republika Srpska zur Verbesserung der wirtschaftlichen, sozialen, informativen, p\u00e4dagogischen, wissenschaftlich-technischen, kulturellen, Sport und sonstige Zusammenarbeit mit K\u00f6rperschaften in der Republik \u00d6sterreich.<\/p>\n<p>&nbsp;<\/p>\n<p>Die Repr\u00e4sentanz strebt danach, ein repr\u00e4sentatives Wirtschafts- und Kulturzentrum der Republika Srpska in der Republik \u00d6sterreich zu werden, das alle Potenziale und Ressourcen der Republika Srpska vertritt und f\u00f6rdert und f\u00fcr die Bed\u00fcrfnisse der Republika Srpska Aufgaben wahrnimmt in den Bereichen rund um:<\/p>\n<ul class=\"fw-semibold inline-bullets\">\n<li>Beratung und Unterst\u00fctzung bei der Kontaktaufnahme mit Institutionen, Unternehmern, Organisationen und Agenturen in \u00d6sterreich;<\/li>\n<li>F\u00f6rderung des wirtschaftlichen Potenzials der Republika Srpska und F\u00f6rderung von Investitionen in ihre Wirtschaft;<\/li>\n<li>Pr\u00e4sentation des kulturellen Erbes und der zeitgen\u00f6ssischen kulturellen Kreativit\u00e4t der Republika Srpska;<\/li>\n<li>Aufbau der Zusammenarbeit im Bereich der wissenschaftlichen, technischen und Informationsbeziehungen zwischen der Republika Srpska und der Republik \u00d6sterreich;<\/li>\n<li>F\u00f6rderung gemeinsamer Entwicklungsprogramme mit Unternehmen auf der Grundlage von Partnerschaft und Zusammenarbeit.<\/li>\n<\/ul>\n<p>Es ist unser Wunsch, dass unsere R\u00e4umlichkeiten ein Ort werden, an dem sich Gesch\u00e4ftsleute, K\u00fcnstler und andere Arbeitnehmer treffen, die an einer St\u00e4rkung und Bereicherung der Zusammenarbeit interessiert sind, um gemeinsam zu einem besseren Leben und einer besseren Verst\u00e4ndigung zwischen allen B\u00fcrgern und V\u00f6lkern \u00d6sterreichs und der Republika Srpska beizutragen Energie und Arbeit.<\/p>","protected":false},"excerpt":{"rendered":"<p>Die Repr\u00e4sentanz der Republika Srpska in \u00d6sterreich wurde von der Regierung der Republika Srpska mit dem Ziel eingerichtet, Aufgaben im Interesse und Bedarf der Republika Srpska zur Verbesserung der wirtschaftlichen, sozialen, informativen, p\u00e4dagogischen, wissenschaftlich-technischen, kulturellen, Sport und sonstige Zusammenarbeit mit K\u00f6rperschaften in der Republik \u00d6sterreich. &nbsp; Die Repr\u00e4sentanz strebt danach, ein repr\u00e4sentatives Wirtschafts- und Kulturzentrum [&hellip;]<\/p>\n","protected":false},"author":1,"featured_media":0,"parent":0,"menu_order":0,"comment_status":"closed","ping_status":"closed","template":"template-o-nama.php","meta":{"footnotes":""},"class_list":["post-2667","page","type-page","status-publish","hentry"],"_links":{"self":[{"href":"https:\/\/test.kdm.consulting\/de\/wp-json\/wp\/v2\/pages\/2667","targetHints":{"allow":["GET"]}}],"collection":[{"href":"https:\/\/test.kdm.consulting\/de\/wp-json\/wp\/v2\/pages"}],"about":[{"href":"https:\/\/test.kdm.consulting\/de\/wp-json\/wp\/v2\/types\/page"}],"author":[{"embeddable":true,"href":"https:\/\/test.kdm.consulting\/de\/wp-json\/wp\/v2\/users\/1"}],"replies":[{"embeddable":true,"href":"https:\/\/test.kdm.consulting\/de\/wp-json\/wp\/v2\/comments?post=2667"}],"version-history":[{"count":16,"href":"https:\/\/test.kdm.consulting\/de\/wp-json\/wp\/v2\/pages\/2667\/revisions"}],"predecessor-version":[{"id":3384,"href":"https:\/\/test.kdm.consulting\/de\/wp-json\/wp\/v2\/pages\/2667\/revisions\/3384"}],"wp:attachment":[{"href":"https:\/\/test.kdm.consulting\/de\/wp-json\/wp\/v2\/media?parent=2667"}],"curies":[{"name":"wp","href":"https:\/\/api.w.org\/{rel}","templated":true}]}}