{"id":155,"date":"2017-03-22T20:46:43","date_gmt":"2017-03-22T19:46:43","guid":{"rendered":"http:\/\/rep-srpska.vukovic.info\/?page_id=155"},"modified":"2025-05-19T16:07:53","modified_gmt":"2025-05-19T16:07:53","slug":"impressum","status":"publish","type":"page","link":"https:\/\/test.kdm.consulting\/de\/impressum\/","title":{"rendered":"Impressum"},"content":{"rendered":"<p><strong>Republika Srpska Wirtschaftsinformationsb\u00fcro GmbH<\/strong><\/p>\n<p>Regionale Wirtschaftsvertretung in der Republik \u00d6sterreich<\/p>\n<p>Wirtschaftsinformationsb\u00fcro<\/p>\n<p>Albertgasse 35, 1080 Wien, Republik \u00d6sterreich<\/p>\n<p><strong>Gesch\u00e4ftsf\u00fchrer<\/strong>: Mag. Mladen Filipovic<\/p>\n<p>&nbsp;<\/p>\n<p><strong>Telefon<\/strong>: <a class=\"fc-black\" href=\"tel:+43 1 512 1267\">+43 1 512 1267<\/a><\/p>\n<p><strong>E-Mail<\/strong>: <a class=\"fc-black\" href=\"mailto:office@rep-srpska.at\">office@rep-srpska.at<\/a><\/p>\n<p><strong>Web<\/strong>: <a class=\"fc-black\" href=\"https:\/\/www.rep-srpska.at\">www.rep-srpska.at<\/a><\/p>\n<p>&nbsp;<\/p>\n<p><strong>Firmenbuchnummer<\/strong>: FN 365199 h<\/p>\n<p><strong>Gesellschafter<\/strong>: Firma Republika Srpska (100% Anteil)<\/p>\n<p><strong>UID-Nummer<\/strong>: ATU66595419<\/p>\n<p>&nbsp;<\/p>\n<p><strong>Mitglied der WK\u00d6<\/strong><\/p>\n<p><strong>Berufsrecht<\/strong>: Gewerbeordnung: <a class=\"fc-black\" href=\"https:\/\/www.ris.bka.gv.at\">www.ris.bka.gv.at<\/a><\/p>\n<p><strong>Gewerbebeh\u00f6rde<\/strong>:<\/p>\n<p><strong>T\u00e4tigkeitsbeschreibung<\/strong>: Wirtschaftsinformationsdienstleistungen; Vertretung der Republik Srpska in der Republik \u00d6sterreich; Unterst\u00fctzung und F\u00f6rderung der Wirtschaftskooperation sowie des Tourismus der Republik Srpska in der Republik \u00d6sterreich; Die Vertretung der Republik Srpska in \u00d6sterreich unterst\u00fctzt die Regierung der Republik Srpska sowie die Institutionen der Republik Srpska bei der Erf\u00fcllung ihrer Aufgaben und der Verbesserung der Zusammenarbeit mit Partnern und Organisationen in \u00d6sterreich in Bereichen der Wirtschaft, Wissenschaft, Bildung, Forschung, Kunst, Kultus, Jugend und Sport, Verkehr und Infrastruktur, Umwelt, Klima und Energie, Arbeit und Soziales.<\/p>\n<p>&nbsp;<\/p>\n<p><strong>Inhaltlich Verantwortlich<\/strong>: Mag. Mladen Filipovic (Anschrift wie oben).<\/p>\n<p><strong>Haftungshinweis<\/strong>: Trotz sorgf\u00e4ltiger inhaltlicher Kontrolle \u00fcbernehmen wir keine Haftung f\u00fcr die Inhalte externer Links. F\u00fcr den Inhalt der verlinkten Seiten sind ausschlie\u00dflich deren Betreiber verantwortlich.<\/p>","protected":false},"excerpt":{"rendered":"<p>Republika Srpska Wirtschaftsinformationsb\u00fcro GmbH Regionale Wirtschaftsvertretung in der Republik \u00d6sterreich Wirtschaftsinformationsb\u00fcro Albertgasse 35, 1080 Wien, Republik \u00d6sterreich Gesch\u00e4ftsf\u00fchrer: Mag. Mladen Filipovic &nbsp; Telefon: +43 1 512 1267 E-Mail: office@rep-srpska.at Web: www.rep-srpska.at &nbsp; Firmenbuchnummer: FN 365199 h Gesellschafter: Firma Republika Srpska (100% Anteil) UID-Nummer: ATU66595419 &nbsp; Mitglied der WK\u00d6 Berufsrecht: Gewerbeordnung: www.ris.bka.gv.at Gewerbebeh\u00f6rde: T\u00e4tigkeitsbeschreibung: Wirtschaftsinformationsdienstleistungen; Vertretung [&hellip;]<\/p>\n","protected":false},"author":2,"featured_media":0,"parent":0,"menu_order":0,"comment_status":"closed","ping_status":"closed","template":"","meta":{"footnotes":""},"class_list":["post-155","page","type-page","status-publish","hentry"],"_links":{"self":[{"href":"https:\/\/test.kdm.consulting\/de\/wp-json\/wp\/v2\/pages\/155","targetHints":{"allow":["GET"]}}],"collection":[{"href":"https:\/\/test.kdm.consulting\/de\/wp-json\/wp\/v2\/pages"}],"about":[{"href":"https:\/\/test.kdm.consulting\/de\/wp-json\/wp\/v2\/types\/page"}],"author":[{"embeddable":true,"href":"https:\/\/test.kdm.consulting\/de\/wp-json\/wp\/v2\/users\/2"}],"replies":[{"embeddable":true,"href":"https:\/\/test.kdm.consulting\/de\/wp-json\/wp\/v2\/comments?post=155"}],"version-history":[{"count":10,"href":"https:\/\/test.kdm.consulting\/de\/wp-json\/wp\/v2\/pages\/155\/revisions"}],"predecessor-version":[{"id":3088,"href":"https:\/\/test.kdm.consulting\/de\/wp-json\/wp\/v2\/pages\/155\/revisions\/3088"}],"wp:attachment":[{"href":"https:\/\/test.kdm.consulting\/de\/wp-json\/wp\/v2\/media?parent=155"}],"curies":[{"name":"wp","href":"https:\/\/api.w.org\/{rel}","templated":true}]}}