{"id":114,"date":"2017-03-22T18:18:22","date_gmt":"2017-03-22T17:18:22","guid":{"rendered":"http:\/\/rep-srpska.vukovic.info\/?page_id=114"},"modified":"2017-03-22T18:18:22","modified_gmt":"2017-03-22T17:18:22","slug":"datenbanken","status":"publish","type":"page","link":"https:\/\/test.kdm.consulting\/de\/datenbanken\/","title":{"rendered":"Datenbanken"},"content":{"rendered":"<p><strong>Darlehensdatenbank der Investitionsbank der Republik Srpska (IRBRS);<\/strong><strong>\u00a0<\/strong>Die Datenbank bietet umfassende Informationen \u00fcber bereits vergebene Darlehen an juristische und nat\u00fcrliche Personen, sowie die aktuelle Verf\u00fcgbarkeit von weiteren Kreditmitteln in der Republik Srpska welche seitens der Investitionsbank der Republik Srpska (IRBRS) vergeben werden. Die Darlehensdatenbank der IRBRS finden Sie\u00a0<a href=\"http:\/\/www.irbrs.net\/PlasiraniKreditiBaza\/Default.aspx?lang=eng\">hier<\/a><\/p>\n<p><strong>\u00a0<\/strong><strong>Datenbank der Privatisierung in der Republik Srpska;<\/strong><strong>\u00a0<\/strong>Die Privatisierungsdatenbank enth\u00e4lt einen \u00dcberblick \u00fcber die abgeschlossenen Privatisierungsprojekte, sowie \u00fcber die noch nicht privatisierten Unternehmen in der Republik Srpska. Die Privatisierungsdatenbank finden Sie\u00a0<a href=\"http:\/\/www.irbrs.net\/PrivatizacijaRezultatiDB.aspx?tab=2&amp;lang=eng\">hier<\/a><\/p>\n<p><strong>Datenbank der Investitionsstandorte in der Republik Srpska;<\/strong>\u00a0In der Datenbank der Investitionsstandorte sind f\u00fcr inl\u00e4ndische sowie ausl\u00e4ndische Investoren umfassende Informationen \u00fcber verf\u00fcgbare Investitionsstandorte, von Gewerbezonen, Clustern, Ressourcen, Standortpotentialen, Rahmenbedingungen und Anreizen in jeder Gemeinde der Republik Srpska zur Verf\u00fcgung gestellt. Alle Daten wurden direkt aus dem Gemeinden und die statistischen Indikatoren vom Institut f\u00fcr Statistik der Republik Srpska, erhoben. Die Datenbank der Investitionsstandorte finden Sie\u00a0<a href=\"http:\/\/www.irbrs.net\/OpstineDB.aspx?lang=eng\">hier<\/a><\/p>\n<p><strong>Investmentpotenziale nach Sektoren in der Republik Srpska;<\/strong>\u00a0Diese Publikationen umfassen die wichtigsten Sektoren der Republik Srpska welche hoche Investmentpotentiale besitzen; von Holz, Wasser, Energie, Metallindustrie, Textil, Lebensmittel, sowie Tourismus Sektoren. Die Publikationen finden Sie\u00a0<a href=\"http:\/\/www.investsrpska.net\/index.aspx?PageID=427&amp;menuID=395\">hier<\/a><\/p>\n<p><strong>Investitionsbereite Projekte auf Gemeindeebene in der Republik Srpska;<\/strong>\u00a0Diese Publikation umfasst geplante und Investitionsbereite Projekte auf Gemeindeebenen in der Republik Srpska. Die Publikation finden Sie\u00a0<a href=\"http:\/\/www.investsrpska.net\/files\/Project%20Summaries.pdf\">hier<\/a><\/p>\n<p><strong>Datenbank der Wirtschaftsindikatoren der Investitionsbank der Republik Srpska (IRBRS);<\/strong><strong>\u00a0<\/strong>Eine detaillierte \u00dcbersicht aller makro\u00f6konomischen Indikatoren der Republik Srpska sowie vergleichende Daten mit der umgebenden Region und L\u00e4ndern der Europ\u00e4ischen Union. Die Datenbank finden Sie\u00a0<a href=\"http:\/\/www.irbrs.net\/statistika.aspx?lang=eng\">hier<\/a><\/p>\n<p><strong>Wirtschaftsmonitor der Republik Srpska;<\/strong>\u00a0Der Wirtschaftsmonitor ist eine periodisch erscheinende Publikation der Investmentbank\u00a0der Republik Srpska (IRBRS). Die Publikationen finden sie\u00a0<a href=\"http:\/\/www.irbrs.org\/azuro3\/a3\/index.php?lang=engleski&amp;id=222&amp;tr=\">hier<\/a><\/p>\n<p><strong>Wirtschaftsindikatoren der Republik Srpska des Statistikamtes der Republik Srpska;<\/strong>\u00a0Die Datenbank enth\u00e4lt alle makro\u00f6konomischen Indikatoren der Republik Srpska. Die Datenbank finden Sie\u00a0<a href=\"http:\/\/www3.rzs.rs.ba\/rzs\/faces\/indicators.xhtml\">hier<\/a><\/p>","protected":false},"excerpt":{"rendered":"<p>Darlehensdatenbank der Investitionsbank der Republik Srpska (IRBRS);\u00a0Die Datenbank bietet umfassende Informationen \u00fcber bereits vergebene Darlehen an juristische und nat\u00fcrliche Personen, sowie die aktuelle Verf\u00fcgbarkeit von weiteren Kreditmitteln in der Republik Srpska welche seitens der Investitionsbank der Republik Srpska (IRBRS) vergeben werden. Die Darlehensdatenbank der IRBRS finden Sie\u00a0hier \u00a0Datenbank der Privatisierung in der Republik Srpska;\u00a0Die Privatisierungsdatenbank [&hellip;]<\/p>\n","protected":false},"author":2,"featured_media":0,"parent":0,"menu_order":0,"comment_status":"closed","ping_status":"closed","template":"","meta":{"footnotes":""},"class_list":["post-114","page","type-page","status-publish","hentry"],"_links":{"self":[{"href":"https:\/\/test.kdm.consulting\/de\/wp-json\/wp\/v2\/pages\/114","targetHints":{"allow":["GET"]}}],"collection":[{"href":"https:\/\/test.kdm.consulting\/de\/wp-json\/wp\/v2\/pages"}],"about":[{"href":"https:\/\/test.kdm.consulting\/de\/wp-json\/wp\/v2\/types\/page"}],"author":[{"embeddable":true,"href":"https:\/\/test.kdm.consulting\/de\/wp-json\/wp\/v2\/users\/2"}],"replies":[{"embeddable":true,"href":"https:\/\/test.kdm.consulting\/de\/wp-json\/wp\/v2\/comments?post=114"}],"version-history":[{"count":0,"href":"https:\/\/test.kdm.consulting\/de\/wp-json\/wp\/v2\/pages\/114\/revisions"}],"wp:attachment":[{"href":"https:\/\/test.kdm.consulting\/de\/wp-json\/wp\/v2\/media?parent=114"}],"curies":[{"name":"wp","href":"https:\/\/api.w.org\/{rel}","templated":true}]}}